{"id":6316,"date":"2023-05-16T14:57:43","date_gmt":"2023-05-16T14:57:43","guid":{"rendered":"http:\/\/www.margogai.com\/nortzuk-gara\/"},"modified":"2023-10-17T07:17:38","modified_gmt":"2023-10-17T07:17:38","slug":"quienes-somos","status":"publish","type":"page","link":"http:\/\/www.margogai.com\/es\/quienes-somos\/","title":{"rendered":"QUIENES SOMOS"},"content":{"rendered":"\t\t<div data-elementor-type=\"wp-page\" data-elementor-id=\"6316\" class=\"elementor elementor-6316\">\n\t\t\t\t\t\t\t<div class=\"elementor-element elementor-element-5ec7b48 e-con-full e-flex e-con\" data-id=\"5ec7b48\" data-element_type=\"container\" data-settings=\"{&quot;content_width&quot;:&quot;full&quot;,&quot;background_background&quot;:&quot;classic&quot;}\">\n\t\t\t\t<div class=\"elementor-element elementor-element-3a1a087 elementor-widget elementor-widget-text-editor\" data-id=\"3a1a087\" data-element_type=\"widget\" data-widget_type=\"text-editor.default\">\n\t\t\t\t<div class=\"elementor-widget-container\">\n\t\t\t<style>\/*! elementor - v3.13.3 - 28-05-2023 *\/\n.elementor-widget-text-editor.elementor-drop-cap-view-stacked .elementor-drop-cap{background-color:#69727d;color:#fff}.elementor-widget-text-editor.elementor-drop-cap-view-framed .elementor-drop-cap{color:#69727d;border:3px solid;background-color:transparent}.elementor-widget-text-editor:not(.elementor-drop-cap-view-default) .elementor-drop-cap{margin-top:8px}.elementor-widget-text-editor:not(.elementor-drop-cap-view-default) .elementor-drop-cap-letter{width:1em;height:1em}.elementor-widget-text-editor .elementor-drop-cap{float:left;text-align:center;line-height:1;font-size:50px}.elementor-widget-text-editor .elementor-drop-cap-letter{display:inline-block}<\/style>\t\t\t\t<h1><span style=\"color: #ffffff;\">QUIENES SOMOS<\/span><\/h1>\t\t\t\t\t\t<\/div>\n\t\t\t\t<\/div>\n\t\t\t\t<\/div>\n\t\t<div class=\"elementor-element elementor-element-395696a e-con-boxed e-flex e-con\" data-id=\"395696a\" data-element_type=\"container\" data-settings=\"{&quot;content_width&quot;:&quot;boxed&quot;}\">\n\t\t\t\t\t<div class=\"e-con-inner\">\n\t\t<div class=\"elementor-element elementor-element-0639f93 e-con-full e-flex e-con\" data-id=\"0639f93\" data-element_type=\"container\" data-settings=\"{&quot;content_width&quot;:&quot;full&quot;}\">\n\t\t\t\t<div class=\"elementor-element elementor-element-2510df6 elementor-widget elementor-widget-text-editor\" data-id=\"2510df6\" data-element_type=\"widget\" data-widget_type=\"text-editor.default\">\n\t\t\t\t<div class=\"elementor-widget-container\">\n\t\t\t\t\t\t\t<h2>ALMACEN<\/h2>\t\t\t\t\t\t<\/div>\n\t\t\t\t<\/div>\n\t\t\t\t<div class=\"elementor-element elementor-element-1a11e0f elementor-arrows-position-inside elementor-pagination-position-outside elementor-widget elementor-widget-image-carousel\" data-id=\"1a11e0f\" data-element_type=\"widget\" data-settings=\"{&quot;slides_to_show&quot;:&quot;1&quot;,&quot;navigation&quot;:&quot;both&quot;,&quot;autoplay&quot;:&quot;yes&quot;,&quot;pause_on_hover&quot;:&quot;yes&quot;,&quot;pause_on_interaction&quot;:&quot;yes&quot;,&quot;autoplay_speed&quot;:5000,&quot;infinite&quot;:&quot;yes&quot;,&quot;effect&quot;:&quot;slide&quot;,&quot;speed&quot;:500}\" data-widget_type=\"image-carousel.default\">\n\t\t\t\t<div class=\"elementor-widget-container\">\n\t\t\t<style>\/*! elementor - v3.13.3 - 28-05-2023 *\/\n.elementor-widget-image-carousel .swiper,.elementor-widget-image-carousel .swiper-container{position:static}.elementor-widget-image-carousel .swiper-container .swiper-slide figure,.elementor-widget-image-carousel .swiper .swiper-slide figure{line-height:inherit}.elementor-widget-image-carousel .swiper-slide{text-align:center}.elementor-image-carousel-wrapper:not(.swiper-container-initialized):not(.swiper-initialized) .swiper-slide{max-width:calc(100% \/ var(--e-image-carousel-slides-to-show, 3))}<\/style>\t\t<div class=\"elementor-image-carousel-wrapper swiper\" dir=\"ltr\">\n\t\t\t<div class=\"elementor-image-carousel swiper-wrapper swiper-image-stretch\">\n\t\t\t\t\t\t\t\t<div class=\"swiper-slide\"><figure class=\"swiper-slide-inner\"><img decoding=\"async\" class=\"swiper-slide-image\" src=\"http:\/\/www.margogai.com\/wp-content\/uploads\/2023\/05\/ALMACEN1-768x576.jpg\" alt=\"ALMACEN1\" \/><\/figure><\/div><div class=\"swiper-slide\"><figure class=\"swiper-slide-inner\"><img decoding=\"async\" class=\"swiper-slide-image\" src=\"http:\/\/www.margogai.com\/wp-content\/uploads\/2023\/05\/ALMACEN2-768x576.jpg\" alt=\"ALMACEN2\" \/><\/figure><\/div><div class=\"swiper-slide\"><figure class=\"swiper-slide-inner\"><img decoding=\"async\" class=\"swiper-slide-image\" src=\"http:\/\/www.margogai.com\/wp-content\/uploads\/2023\/05\/ALMACEN3-768x576.jpg\" alt=\"ALMACEN3\" \/><\/figure><\/div>\t\t\t<\/div>\n\t\t\t\t\t\t\t\t\t\t\t\t<div class=\"swiper-pagination\"><\/div>\n\t\t\t\t\t\t\t\t\t\t\t\t\t<div class=\"elementor-swiper-button elementor-swiper-button-prev\" role=\"button\" tabindex=\"0\">\n\t\t\t\t\t\t<svg aria-hidden=\"true\" class=\"e-font-icon-svg e-eicon-chevron-left\" viewBox=\"0 0 1000 1000\" xmlns=\"http:\/\/www.w3.org\/2000\/svg\"><path d=\"M646 125C629 125 613 133 604 142L308 442C296 454 292 471 292 487 292 504 296 521 308 533L604 854C617 867 629 875 646 875 663 875 679 871 692 858 704 846 713 829 713 812 713 796 708 779 692 767L438 487 692 225C700 217 708 204 708 187 708 171 704 154 692 142 675 129 663 125 646 125Z\"><\/path><\/svg>\t\t\t\t\t\t<span class=\"elementor-screen-only\">Imagen anterior<\/span>\n\t\t\t\t\t<\/div>\n\t\t\t\t\t<div class=\"elementor-swiper-button elementor-swiper-button-next\" role=\"button\" tabindex=\"0\">\n\t\t\t\t\t\t<svg aria-hidden=\"true\" class=\"e-font-icon-svg e-eicon-chevron-right\" viewBox=\"0 0 1000 1000\" xmlns=\"http:\/\/www.w3.org\/2000\/svg\"><path d=\"M696 533C708 521 713 504 713 487 713 471 708 454 696 446L400 146C388 133 375 125 354 125 338 125 325 129 313 142 300 154 292 171 292 187 292 204 296 221 308 233L563 492 304 771C292 783 288 800 288 817 288 833 296 850 308 863 321 871 338 875 354 875 371 875 388 867 400 854L696 533Z\"><\/path><\/svg>\t\t\t\t\t\t<span class=\"elementor-screen-only\">Imagen siguiente<\/span>\n\t\t\t\t\t<\/div>\n\t\t\t\t\t\t\t\t\t<\/div>\n\t\t\t\t<\/div>\n\t\t\t\t<\/div>\n\t\t\t\t<\/div>\n\t\t<div class=\"elementor-element elementor-element-8016f28 e-con-full e-flex e-con\" data-id=\"8016f28\" data-element_type=\"container\" data-settings=\"{&quot;content_width&quot;:&quot;full&quot;}\">\n\t\t\t\t<div class=\"elementor-element elementor-element-816870f elementor-widget elementor-widget-text-editor\" data-id=\"816870f\" data-element_type=\"widget\" data-widget_type=\"text-editor.default\">\n\t\t\t\t<div class=\"elementor-widget-container\">\n\t\t\t\t\t\t\t<h2>TU SERVICIO DAGOEN ENPRESA<\/h2>\t\t\t\t\t\t<\/div>\n\t\t\t\t<\/div>\n\t\t\t\t<div class=\"elementor-element elementor-element-5e7d2ca elementor-widget elementor-widget-text-editor\" data-id=\"5e7d2ca\" data-element_type=\"widget\" data-widget_type=\"text-editor.default\">\n\t\t\t\t<div class=\"elementor-widget-container\">\n\t\t\t\t\t\t\t<p><span style=\"color: #423f3f;\">Margogai, es una empresa dedicada desde hace mas de 20 a\u00f1os a la venta de pinturas, as\u00ed como herramientas y maquinaria de pintura.<\/span><\/p><p><span style=\"color: #423f3f;\">Por nuestra experiencia en el sector, adem\u00e1s damos un trato cercano a nuestros clientes, aconsej\u00e1ndoles, que materiales, pinturas, papeles, tratamientos dar a aquellos trabajos de pintura que cada uno necesita.<\/span><\/p><p><span style=\"color: #423f3f;\">Contamos con todo de soluciones en pintura y decoraci\u00f3n, para el usuario particular, como para el profesional de la pintura y decoraci\u00f3n, siendo adem\u00e1s expertos en pinturas industriales.<\/span><\/p>\t\t\t\t\t\t<\/div>\n\t\t\t\t<\/div>\n\t\t\t\t<div class=\"elementor-element elementor-element-c4299ae elementor-widget elementor-widget-image\" data-id=\"c4299ae\" data-element_type=\"widget\" data-widget_type=\"image.default\">\n\t\t\t\t<div class=\"elementor-widget-container\">\n\t\t\t<style>\/*! elementor - v3.13.3 - 28-05-2023 *\/\n.elementor-widget-image{text-align:center}.elementor-widget-image a{display:inline-block}.elementor-widget-image a img[src$=\".svg\"]{width:48px}.elementor-widget-image img{vertical-align:middle;display:inline-block}<\/style>\t\t\t\t\t\t\t\t\t\t\t\t<img loading=\"lazy\" decoding=\"async\" width=\"126\" height=\"72\" src=\"http:\/\/www.margogai.com\/wp-content\/uploads\/2023\/05\/duraval-web-1.jpg\" class=\"attachment-large size-large wp-image-3119\" alt=\"\" \/>\t\t\t\t\t\t\t\t\t\t\t\t\t\t\t<\/div>\n\t\t\t\t<\/div>\n\t\t\t\t<div class=\"elementor-element elementor-element-5d7e49f elementor-widget elementor-widget-text-editor\" data-id=\"5d7e49f\" data-element_type=\"widget\" data-widget_type=\"text-editor.default\">\n\t\t\t\t<div class=\"elementor-widget-container\">\n\t\t\t\t\t\t\t<ul><li><span style=\"color: #333333;\">Almac\u00e9n en la Lazkaibar 1, Beasain GipuzkoaAl<\/span><\/li><\/ul>\t\t\t\t\t\t<\/div>\n\t\t\t\t<\/div>\n\t\t\t\t<div class=\"elementor-element elementor-element-13a4267 elementor-align-left elementor-widget elementor-widget-button\" data-id=\"13a4267\" data-element_type=\"widget\" data-widget_type=\"button.default\">\n\t\t\t\t<div class=\"elementor-widget-container\">\n\t\t\t\t\t<div class=\"elementor-button-wrapper\">\n\t\t\t<a href=\"http:\/\/www.margogai.com\/es\/case-study\/\" class=\"elementor-button-link elementor-button elementor-size-sm\" role=\"button\">\n\t\t\t\t\t\t<span class=\"elementor-button-content-wrapper\">\n\t\t\t\t\t\t\t<span class=\"elementor-button-icon elementor-align-icon-left\">\n\t\t\t\t<svg aria-hidden=\"true\" class=\"e-font-icon-svg e-fas-reply\" viewBox=\"0 0 512 512\" xmlns=\"http:\/\/www.w3.org\/2000\/svg\"><path d=\"M8.309 189.836L184.313 37.851C199.719 24.546 224 35.347 224 56.015v80.053c160.629 1.839 288 34.032 288 186.258 0 61.441-39.581 122.309-83.333 154.132-13.653 9.931-33.111-2.533-28.077-18.631 45.344-145.012-21.507-183.51-176.59-185.742V360c0 20.7-24.3 31.453-39.687 18.164l-176.004-152c-11.071-9.562-11.086-26.753 0-36.328z\"><\/path><\/svg>\t\t\t<\/span>\n\t\t\t\t\t\t<span class=\"elementor-button-text\">CONTACTO<\/span>\n\t\t<\/span>\n\t\t\t\t\t<\/a>\n\t\t<\/div>\n\t\t\t\t<\/div>\n\t\t\t\t<\/div>\n\t\t\t\t<\/div>\n\t\t\t\t\t<\/div>\n\t\t\t\t<\/div>\n\t\t<div class=\"elementor-element elementor-element-0d184d8 e-con-boxed e-flex e-con\" data-id=\"0d184d8\" data-element_type=\"container\" data-settings=\"{&quot;content_width&quot;:&quot;boxed&quot;}\">\n\t\t\t\t\t<div class=\"e-con-inner\">\n\t\t\t\t<div class=\"elementor-element elementor-element-3695261 ha-arrow-sync-no elementor-widget elementor-widget-ha-logo-carousel happy-addon ha-logo-carousel happy-addon-pro\" data-id=\"3695261\" data-element_type=\"widget\" data-settings=\"{&quot;slides_to_show_mobile&quot;:&quot;2&quot;,&quot;animation_speed&quot;:800,&quot;autoplay&quot;:&quot;yes&quot;,&quot;autoplay_speed&quot;:2000,&quot;navigation&quot;:&quot;arrow&quot;,&quot;slides_to_show&quot;:4,&quot;slides_to_show_tablet&quot;:3}\" data-widget_type=\"ha-logo-carousel.default\">\n\t\t\t\t<div class=\"elementor-widget-container\">\n\t\t\t\n        <div data-ha_rcc_uid=\"\" class=\"ha-logo-carousel-wrap\">\n            \t\t\t\t<div class=\"ha-slick-slide\">\n\t\t\t\t\t\n\t\t\t\t\t\t<div class=\"ha-logo-carousel-item\">\n\t\t\t\t\t\t\t<img\n\t\t\t\t\t\t\t\tsrc=\"http:\/\/www.margogai.com\/wp-content\/uploads\/2023\/05\/tollens-web.jpg\"\n\t\t\t\t\t\t\t\tclass=\"elementor-animation-grow\"\n\t\t\t\t\t\t\t\ttitle=\"\"\n\t\t\t\t\t\t\t\talt=\"\"\n\t\t\t\t\t\t\t>\n\t\t\t\t\t\t<\/div>\n\n\t\t\t\t\t                <\/div>\n\n                \t\t\t\t<div class=\"ha-slick-slide\">\n\t\t\t\t\t\n\t\t\t\t\t\t<div class=\"ha-logo-carousel-item\">\n\t\t\t\t\t\t\t<img\n\t\t\t\t\t\t\t\tsrc=\"http:\/\/www.margogai.com\/wp-content\/uploads\/2023\/05\/cardoso-web.jpg\"\n\t\t\t\t\t\t\t\tclass=\"elementor-animation-grow\"\n\t\t\t\t\t\t\t\ttitle=\"\"\n\t\t\t\t\t\t\t\talt=\"\"\n\t\t\t\t\t\t\t>\n\t\t\t\t\t\t<\/div>\n\n\t\t\t\t\t                <\/div>\n\n                \t\t\t\t<div class=\"ha-slick-slide\">\n\t\t\t\t\t\n\t\t\t\t\t\t<div class=\"ha-logo-carousel-item\">\n\t\t\t\t\t\t\t<img\n\t\t\t\t\t\t\t\tsrc=\"http:\/\/www.margogai.com\/wp-content\/uploads\/2023\/05\/decoas-web.jpg\"\n\t\t\t\t\t\t\t\tclass=\"elementor-animation-grow\"\n\t\t\t\t\t\t\t\ttitle=\"\"\n\t\t\t\t\t\t\t\talt=\"\"\n\t\t\t\t\t\t\t>\n\t\t\t\t\t\t<\/div>\n\n\t\t\t\t\t                <\/div>\n\n                \t\t\t\t<div class=\"ha-slick-slide\">\n\t\t\t\t\t\n\t\t\t\t\t\t<div class=\"ha-logo-carousel-item\">\n\t\t\t\t\t\t\t<img\n\t\t\t\t\t\t\t\tsrc=\"http:\/\/www.margogai.com\/wp-content\/uploads\/2023\/05\/disbar-web.jpg\"\n\t\t\t\t\t\t\t\tclass=\"elementor-animation-grow\"\n\t\t\t\t\t\t\t\ttitle=\"\"\n\t\t\t\t\t\t\t\talt=\"\"\n\t\t\t\t\t\t\t>\n\t\t\t\t\t\t<\/div>\n\n\t\t\t\t\t                <\/div>\n\n                \t\t\t\t<div class=\"ha-slick-slide\">\n\t\t\t\t\t\n\t\t\t\t\t\t<div class=\"ha-logo-carousel-item\">\n\t\t\t\t\t\t\t<img\n\t\t\t\t\t\t\t\tsrc=\"http:\/\/www.margogai.com\/wp-content\/uploads\/2023\/05\/redesa-web.jpg\"\n\t\t\t\t\t\t\t\tclass=\"elementor-animation-grow\"\n\t\t\t\t\t\t\t\ttitle=\"\"\n\t\t\t\t\t\t\t\talt=\"\"\n\t\t\t\t\t\t\t>\n\t\t\t\t\t\t<\/div>\n\n\t\t\t\t\t                <\/div>\n\n                \t\t\t\t<div class=\"ha-slick-slide\">\n\t\t\t\t\t\n\t\t\t\t\t\t<div class=\"ha-logo-carousel-item\">\n\t\t\t\t\t\t\t<img\n\t\t\t\t\t\t\t\tsrc=\"http:\/\/www.margogai.com\/wp-content\/uploads\/2023\/05\/duraval-web.jpg\"\n\t\t\t\t\t\t\t\tclass=\"elementor-animation-grow\"\n\t\t\t\t\t\t\t\ttitle=\"\"\n\t\t\t\t\t\t\t\talt=\"\"\n\t\t\t\t\t\t\t>\n\t\t\t\t\t\t<\/div>\n\n\t\t\t\t\t                <\/div>\n\n                        <\/div>\n\n        \t\t<\/div>\n\t\t\t\t<\/div>\n\t\t\t\t\t<\/div>\n\t\t\t\t<\/div>\n\t\t\t\t\t\t\t<\/div>\n\t\t","protected":false},"excerpt":{"rendered":"<p>QUIENES SOMOS ALMACEN Imagen anterior Imagen siguiente TU SERVICIO DAGOEN ENPRESA Margogai, es una empresa dedicada desde hace mas de 20 a\u00f1os a la venta de pinturas, as\u00ed como herramientas y maquinaria de pintura. Por nuestra experiencia en el sector, adem\u00e1s damos un trato cercano a nuestros clientes, aconsej\u00e1ndoles, que materiales, pinturas, papeles, tratamientos dar [&hellip;]<\/p>\n","protected":false},"author":1,"featured_media":0,"parent":0,"menu_order":0,"comment_status":"closed","ping_status":"closed","template":"elementor_header_footer","meta":{"footnotes":""},"class_list":["post-6316","page","type-page","status-publish","hentry"],"acf":[],"aioseo_notices":[],"_links":{"self":[{"href":"http:\/\/www.margogai.com\/es\/wp-json\/wp\/v2\/pages\/6316","targetHints":{"allow":["GET"]}}],"collection":[{"href":"http:\/\/www.margogai.com\/es\/wp-json\/wp\/v2\/pages"}],"about":[{"href":"http:\/\/www.margogai.com\/es\/wp-json\/wp\/v2\/types\/page"}],"author":[{"embeddable":true,"href":"http:\/\/www.margogai.com\/es\/wp-json\/wp\/v2\/users\/1"}],"replies":[{"embeddable":true,"href":"http:\/\/www.margogai.com\/es\/wp-json\/wp\/v2\/comments?post=6316"}],"version-history":[{"count":34,"href":"http:\/\/www.margogai.com\/es\/wp-json\/wp\/v2\/pages\/6316\/revisions"}],"predecessor-version":[{"id":7366,"href":"http:\/\/www.margogai.com\/es\/wp-json\/wp\/v2\/pages\/6316\/revisions\/7366"}],"wp:attachment":[{"href":"http:\/\/www.margogai.com\/es\/wp-json\/wp\/v2\/media?parent=6316"}],"curies":[{"name":"wp","href":"https:\/\/api.w.org\/{rel}","templated":true}]}}